{"id":320701,"date":"2024-09-06T20:00:00","date_gmt":"2024-09-07T01:00:00","guid":{"rendered":"https:\/\/conexionflorida.com\/incio\/"},"modified":"2025-09-02T21:13:06","modified_gmt":"2025-09-03T02:13:06","slug":"incio","status":"publish","type":"page","link":"https:\/\/conexionflorida.com\/es\/","title":{"rendered":"Inici\u00f3"},"content":{"rendered":"\n<h2 class=\"wp-block-heading\">Conexion &#8211; &#8220;\u00a1Conectando culturas y comunidades en el coraz\u00f3n del Panhandle de Florida!&#8221;<\/h2>\n\n<p>&#8220;Bringing together cultures and communities at the heart of the Florida Panhandle!&#8221;<\/p>\n\n<p>En nuestro vibrante peri\u00f3dico mensual biling\u00fce, no solo informamos las noticias, sino que hacemos una declaraci\u00f3n. Como la publicaci\u00f3n biling\u00fce m\u00e1s grande en esta \u00e1rea, somos un faro de informaci\u00f3n que cubre todo, desde salud y negocios hasta liderazgo y entretenimiento, tanto en ingl\u00e9s como en espa\u00f1ol.<\/p>\n\n<p>Pero eso no es todo. No se trata s\u00f3lo de titulares; se trata de coraz\u00f3n. Nuestra pasi\u00f3n es destacar los eventos comunitarios que marcan la diferencia, que muestran el poder de dar y el impacto positivo en nuestra regi\u00f3n. Desde campa\u00f1as ben\u00e9ficas hasta iniciativas comunitarias, nos dedicamos a mostrar los esfuerzos que fortalecen a nuestros vecindarios.<\/p>\n\n<h3 class=\"wp-block-heading\">Conexion Juntos, estamos construyendo puentes entre culturas, celebrando la diversidad y promoviendo el progreso. En cada p\u00e1gina, en cada palabra, estamos escribiendo la historia de un Panhandle <\/h3>\n","protected":false},"excerpt":{"rendered":"<p>Conexion &#8211; &#8220;\u00a1Conectando culturas y comunidades en el coraz\u00f3n del Panhandle de Florida!&#8221; &#8220;Bringing together cultures and communities at the heart of the Florida Panhandle!&#8221; En nuestro vibrante peri\u00f3dico mensual biling\u00fce, no solo informamos las noticias, sino que hacemos una declaraci\u00f3n. Como la publicaci\u00f3n biling\u00fce m\u00e1s grande en esta \u00e1rea, somos un faro de informaci\u00f3n [&hellip;]<\/p>\n","protected":false},"author":2,"featured_media":319586,"parent":0,"menu_order":1,"comment_status":"closed","ping_status":"closed","template":"","meta":{"_acf_changed":false,"footnotes":""},"class_list":["post-320701","page","type-page","status-publish","has-post-thumbnail","hentry"],"acf":[],"_links":{"self":[{"href":"https:\/\/conexionflorida.com\/es\/wp-json\/wp\/v2\/pages\/320701","targetHints":{"allow":["GET"]}}],"collection":[{"href":"https:\/\/conexionflorida.com\/es\/wp-json\/wp\/v2\/pages"}],"about":[{"href":"https:\/\/conexionflorida.com\/es\/wp-json\/wp\/v2\/types\/page"}],"author":[{"embeddable":true,"href":"https:\/\/conexionflorida.com\/es\/wp-json\/wp\/v2\/users\/2"}],"replies":[{"embeddable":true,"href":"https:\/\/conexionflorida.com\/es\/wp-json\/wp\/v2\/comments?post=320701"}],"version-history":[{"count":0,"href":"https:\/\/conexionflorida.com\/es\/wp-json\/wp\/v2\/pages\/320701\/revisions"}],"wp:featuredmedia":[{"embeddable":true,"href":"https:\/\/conexionflorida.com\/es\/wp-json\/wp\/v2\/media\/319586"}],"wp:attachment":[{"href":"https:\/\/conexionflorida.com\/es\/wp-json\/wp\/v2\/media?parent=320701"}],"curies":[{"name":"wp","href":"https:\/\/api.w.org\/{rel}","templated":true}]}}